{"id":155,"date":"2017-06-23T23:26:14","date_gmt":"2017-06-23T23:26:14","guid":{"rendered":"http:\/\/inspirythemesdemo.com\/realplaces\/?page_id=155"},"modified":"2025-10-03T17:08:49","modified_gmt":"2025-10-03T15:08:49","slug":"contact","status":"publish","type":"page","link":"https:\/\/www.immoachat.be\/?page_id=155","title":{"rendered":"Contact"},"content":{"rendered":"\t\t<div data-elementor-type=\"wp-page\" data-elementor-id=\"155\" class=\"elementor elementor-155\">\n\t\t\t\t<div class=\"elementor-element elementor-element-a25bfcf e-flex e-con-boxed e-con e-parent\" data-id=\"a25bfcf\" data-element_type=\"container\" data-e-type=\"container\">\n\t\t\t\t\t<div class=\"e-con-inner\">\n\t\t\t\t<div class=\"elementor-element elementor-element-9b88f0a elementor-widget elementor-widget-rhea-agent-contact-form-widget\" data-id=\"9b88f0a\" data-element_type=\"widget\" data-e-type=\"widget\" data-widget_type=\"rhea-agent-contact-form-widget.default\">\n\t\t\t\t<div class=\"elementor-widget-container\">\n\t\t\t\t\t\n        <div class=\"rhea_acf_wrapper \">\n            <div class=\"rhea_acf_box\">\n\n                <div class=\"rhea_thumb_and_form\">\n                    <div class=\"rhea_thumb_and_form_inner\">\n\t\t\t\t\t\t                            <div class=\"rhea_acf_thumb_wrapper\">\n\t\t\t\t\t\t\t\t                                <a href=\"#\"\n                                   class=\"rhea_acf_agent_thumbnail \"  target=&quot;_blank&quot;  rel=&quot;nofollow&quot;  >\n\t\t\t\t\t\t\t\t\t                                        <div class=\"rhea_acf_thumb_label\">\n\t\t\t\t\t\t\t\t\t\t\t                                                <h4>Ludovic Denis<\/h4>\n\t\t\t\t\t\t\t\t\t\t\t\t                                                <span>Directeur <\/span>\n\t\t\t\t\t\t\t\t\t\t\t\t                                        <\/div>\n\t\t\t\t\t\t\t\t\t\t                                        <div class=\"rhea_acf_thumb_box\"\n                                             style=\"background-image: url(https:\/\/www.immoachat.be\/wp-content\/uploads\/2017\/05\/1757749487721.jpeg)\"><\/div>\n\t\t\t\t\t\t\t\t\t\t                                <\/a>\n\t\t\t\t\t\t\t                            <\/div>\n\n\t\t\t\t\t\t\t                        <div class=\"rhea_acf_form\">\n\n\t\t\t\t\t\t\t                                <form class=\"rhea_acf_form_box\" id=\"acf_9b88f0a\"\n                                      method=\"post\"\n                                      action=\"https:\/\/www.immoachat.be\/wp-admin\/admin-ajax.php\">\n\t\t\t\t\t\t\t\t\t                                        <label class=\"rhea_acf_label\"\n                                               for=\"acf_name_9b88f0a\">Nom - pr\u00e9nom<\/label>\n\t\t\t\t\t\t\t\t\t\t                                    <input id=\"acf_name_9b88f0a\" class=\"rhea_acf_text required\" type=\"text\" name=\"name\"\n                                           placeholder=\"indiquez nom et pr\u00e9nom\">\n\t\t\t\t\t\t\t\t\t                                        <label class=\"rhea_acf_label\"\n                                               for=\"acf_email_9b88f0a\">Email<\/label>\n\t\t\t\t\t\t\t\t\t\t                                    <input id=\"acf_email_9b88f0a\" class=\"rhea_acf_text email required\" type=\"email\" name=\"email\"\n                                           placeholder=\"indiquez votre mail\">\n\n\t\t\t\t\t\t\t\t\t                                        <label class=\"rhea_acf_label\"\n                                               for=\"acf_message_9b88f0a\">Votre message<\/label>\n\t\t\t\t\t\t\t\t\t\t                                    <textarea id=\"acf_message_9b88f0a\" class=\"rhea_acf_textarea required\" rows=\"8\" name=\"message\"\n                                              placeholder=\"indiquez votre message\"><\/textarea>\n\n\t\t\t\t\t\t\t\t\t\n\t\t\t\t\t\t\t\t\t<div class=\"rh_inspiry_gdpr clearfix\"><span class=\"gdpr-checkbox-label\">RGPD <span class=\"required-label\">*<\/span><\/span><input type=\"checkbox\" name=\"gdpr\" id=\"rh_inspiry_gdpr\" class=\"required\" value=\"Je consens \u00e0 ce que ce site stocke mes informations afin qu\\'ils puissent r\u00e9pondre \u00e0 ma demande.\" title=\"Veuillez accepter l\\&#039;accord RGPD\"><label for=\"rh_inspiry_gdpr\"><span class=\"rh-gdpr-text-inner-wrapper\">Je consens \u00e0 ce que ce site stocke mes informations afin qu\\'ils puissent r\u00e9pondre \u00e0 ma demande.<\/span><\/label><\/div>                                    <input type=\"hidden\" name=\"nonce\" value=\"64f5cca29e\"\/>\n                                    <input type=\"hidden\" name=\"target\" value=\"i&#110;&#102;&#111;&#064;solu&#116;&#105;o&#110;-i&#109;m&#111;&#046;b&#101;\">\n                                                                            <input type=\"hidden\" name=\"agent-name\" value=\"Ludovic Denis\">\n\t\t\t\t\t\t\t\t\t\t                                    <input type=\"hidden\" name=\"action\" value=\"rhea_send_message_to_agent\" \/>\n                                    <div class=\"rhea_acf_submit_wrapper\">\n\t                                                                                <input id=\"acf_submit\" class=\"rhea_acf_submit\" type=\"submit\" name=\"submit\" value=\"Envoyer\">\n\t\t                                                                        <\/div>\n                                    <div class=\"rhea_agent_form__row\">\n                                        <div class=\"rhea-ajax-loader\">\n                                            <span class=\"rhea_loader_box\"><svg xmlns=\"http:\/\/www.w3.org\/2000\/svg\" xmlns:xlink=\"http:\/\/www.w3.org\/1999\/xlink\" width=\"32px\" height=\"32px\" viewBox=\"0 0 128 128\" xml:space=\"preserve\"><rect x=\"0\" y=\"0\" width=\"100%\" height=\"100%\" fill=\"#FFFFFF\" \/><g><path d=\"M75.4 126.63a11.43 11.43 0 0 1-2.1-22.65 40.9 40.9 0 0 0 30.5-30.6 11.4 11.4 0 1 1 22.27 4.87h.02a63.77 63.77 0 0 1-47.8 48.05v-.02a11.38 11.38 0 0 1-2.93.37z\" fill=\"#1ea69a\" fill-opacity=\"1\"\/><animateTransform attributeName=\"transform\" type=\"rotate\" from=\"0 64 64\" to=\"360 64 64\" dur=\"1000ms\" repeatCount=\"indefinite\"><\/animateTransform><\/g><\/svg>\n<\/span>\n                                        <\/div>\n                                        <div class=\"rhea-error-container\"><\/div>\n                                        <div class=\"rhea-message-container\"><\/div>\n                                    <\/div>\n                                <\/form>\n\t\t\t\t\t\t\t\t                        <\/div>\n                    <\/div>\n                <\/div>\n\n\t\t\t\t                    <div class=\"rhea_acf_inner rhea_acf_agent_contacts\">\n                        <div class=\"rhea_acf_contacts_inner\">\n\t\t\t\t\t\t\t                                <div class=\"rhea_acf_contact\">\n                                    <i class=\"rhea_acf_icon fas fa-phone-alt\"><\/i>\n                                    <div class=\"rhea_acf_contact_detail\">\n\t\t\t\t\t\t\t\t\t\t                                            <span class=\"rhea_acf_list_label\">T\u00e9l\u00e9phone<\/span>\n\t\t\t\t\t\t\t\t\t\t\t                                        <a href=\"tel:0473\/78.09.57\"\n                                           class=\"rhea_acf_list_text\">0473\/78.09.57<\/a>\n                                    <\/div>\n                                <\/div>\n\t\t\t\t\t\t\t\t                                <div class=\"rhea_acf_contact\">\n                                    <i class=\"rhea_acf_icon fab fa-whatsapp\"><\/i>\n                                    <div class=\"rhea_acf_contact_detail\">\n\t\t\t\t\t\t\t\t\t\t                                            <span class=\"rhea_acf_list_label\">WhatsApp<\/span>\n\t\t\t\t\t\t\t\t\t\t\t                                        <a href=\"https:\/\/api.whatsapp.com\/send?phone=0473\/78.09.57\"\n                                           class=\"rhea_acf_list_text\">0473\/78.09.57<\/a>\n                                    <\/div>\n                                <\/div>\n\t\t\t\t\t\t\t\t                                <div class=\"rhea_acf_contact\">\n                                    <i class=\"rhea_acf_icon fas fa-envelope\"><\/i>\n                                    <div class=\"rhea_acf_contact_detail\">\n\t\t\t\t\t\t\t\t\t\t                                            <span class=\"rhea_acf_list_label\">Mail<\/span>\n\t\t\t\t\t\t\t\t\t\t\t                                        <a href=\"mailto:&#105;&#110;f&#111;&#064;&#115;o&#108;ut&#105;&#111;&#110;-i&#109;m&#111;&#046;b&#101;\"\n                                           class=\"rhea_acf_list_text\">i&#110;&#102;o&#064;sol&#117;t&#105;&#111;&#110;-&#105;&#109;m&#111;.&#098;e<\/a>\n                                    <\/div>\n                                <\/div>\n\t\t\t\t\t\t\t\t                                <div class=\"rhea_acf_contact\">\n                                    <i class=\"rhea_acf_icon fas fa-map-marker-alt\"><\/i>\n                                    <div class=\"rhea_acf_contact_detail\">\n\t\t\t\t\t\t\t\t\t\t                                            <span class=\"rhea_acf_list_label\">Bureau<\/span>\n\t\t\t\t\t\t\t\t\t\t\t                                        <span class=\"rhea_acf_list_text\">60\/1er \u00e9tage Avenue Reine Fabiola, 4684 Oupeye (Haccourt)<\/span>\n                                    <\/div>\n                                <\/div>\n\t\t\t\t\t\t\t\t                            <div class=\"rhea_acf_contact\">\n                                <i class=\"rhea_acf_icon fas fa-user-circle\"><\/i>\n                                <div class=\"rhea_acf_contact_detail\">\n\t\t\t\t\t\t\t\t\t                                        <span class=\"rhea_acf_list_label\">Suivez-nous<\/span>\n\t\t\t\t\t\t\t\t\t\t                                        <ul class=\"rhea_acf_socials\">\n\t\t\t\t\t\t\t\t\t\t\t                                                <li class=\"rhea_item_facebook\">\n                                                    <a href=\"https:\/\/www.facebook.com\/p\/La-solution-immobili\u00e8re-61564463949013\/\"\n\t\t\t\t\t\t\t\t\t\t\t\t\t\t target=&quot;_blank&quot;  rel=&quot;nofollow&quot;  >\n                                                        <i class=\"fab fa-facebook fa-lg\"><\/i>\n                                                    <\/a>\n                                                <\/li>\n\t\t\t\t\t\t\t\t\t\t\t\t                                                <li class=\"rhea_item_linkedin\">\n                                                    <a href=\"https:\/\/www.linkedin.com\/in\/denisludovic\/\"\n\t\t\t\t\t\t\t\t\t\t\t\t\t\t target=&quot;_blank&quot;  rel=&quot;nofollow&quot;  >\n                                                        <i class=\"fab fa-linkedin fa-lg\"><\/i>\n                                                    <\/a>\n                                                <\/li>\n\t\t\t\t\t\t\t\t\t\t\t\t                                        <\/ul>\n\t\t\t\t\t\t\t\t\t\t                                <\/div>\n                            <\/div>\n                        <\/div>\n                    <\/div>\n                                <\/div>\n        <\/div>\n\t\t\t\t\t\t<\/div>\n\t\t\t\t<\/div>\n\t\t\t\t\t<\/div>\n\t\t\t\t<\/div>\n\t\t\t\t<\/div>\n\t\t","protected":false},"excerpt":{"rendered":"<p>Ludovic Denis Directeur Nom &#8211; pr\u00e9nom Email Votre message T\u00e9l\u00e9phone 0473\/78.09.57 WhatsApp 0473\/78.09.57 Mail info&#064;&#115;&#111;&#108;&#117;t&#105;on&#045;i&#109;&#109;&#111;.be Bureau 60\/1er \u00e9tage Avenue Reine Fabiola, 4684 Oupeye (Haccourt) Suivez-nous<\/p>\n","protected":false},"author":1,"featured_media":0,"parent":0,"menu_order":0,"comment_status":"open","ping_status":"closed","template":"templates\/contact.php","meta":{"_acf_changed":false,"footnotes":""},"class_list":["post-155","page","type-page","status-publish","hentry"],"acf":[],"_links":{"self":[{"href":"https:\/\/www.immoachat.be\/index.php?rest_route=\/wp\/v2\/pages\/155","targetHints":{"allow":["GET"]}}],"collection":[{"href":"https:\/\/www.immoachat.be\/index.php?rest_route=\/wp\/v2\/pages"}],"about":[{"href":"https:\/\/www.immoachat.be\/index.php?rest_route=\/wp\/v2\/types\/page"}],"author":[{"embeddable":true,"href":"https:\/\/www.immoachat.be\/index.php?rest_route=\/wp\/v2\/users\/1"}],"replies":[{"embeddable":true,"href":"https:\/\/www.immoachat.be\/index.php?rest_route=%2Fwp%2Fv2%2Fcomments&post=155"}],"version-history":[{"count":3,"href":"https:\/\/www.immoachat.be\/index.php?rest_route=\/wp\/v2\/pages\/155\/revisions"}],"predecessor-version":[{"id":5321,"href":"https:\/\/www.immoachat.be\/index.php?rest_route=\/wp\/v2\/pages\/155\/revisions\/5321"}],"wp:attachment":[{"href":"https:\/\/www.immoachat.be\/index.php?rest_route=%2Fwp%2Fv2%2Fmedia&parent=155"}],"curies":[{"name":"wp","href":"https:\/\/api.w.org\/{rel}","templated":true}]}}